{"id":757,"date":"2020-10-12T10:13:08","date_gmt":"2020-10-12T07:13:08","guid":{"rendered":"http:\/\/www.ozermakay.com\/one-page-express\/"},"modified":"2024-02-12T18:39:54","modified_gmt":"2024-02-12T15:39:54","slug":"one-page-express","status":"publish","type":"page","link":"http:\/\/www.ozermakay.com\/en\/","title":{"rendered":"Front Page"},"content":{"rendered":"<div  id=\"portfolio-2\" style=\"background-color: #ffffff;\" data-label=\"Portfolio\" data-id=\"portfolio-full-section\" data-category=\"portfolio\"> <div  class=\"portfolio-full-section\" data-type=\"row\"> <div  class=\"portfolio-full-projectco cp4cols cp4cols-tablet\"> <div  class=\"contentswap-effect ContentSwap103\" hover-fx=\"ContentSwap103\" id=\"ContentSwap103\"> <div  class=\"ContentSwap103_content initial-image\"><img  decoding=\"async\" class=\"portfolio-full-projectimg\" data-size=\"1200x800\" src=\"http:\/\/www.ozermakay.com\/wp-content\/uploads\/2017\/08\/cropped-Robotik-Cerrahi-1100x400-LOGO-1.jpg\"> <\/div> <div  class=\"overlay\" style=\"display: block; opacity: 1;\"><\/div> <div  class=\"swap-inner\" style=\"opacity: 1; display: block;\"> <div  class=\"ContentSwap103-center\"> <h4  class=\"protfolio-full-itemtitle\">Robotik Cerrahi Ameliyat\u0131n\u0131z\u0131 Kolayla\u015ft\u0131r\u0131r<\/h4><a class=\"button yellow\" href=\"http:\/\/www.ozermakay.com\/robotik-cerrahi-ameliyatinizi-kolaylastirir\" target=\"_self\" rel=\"noopener noreferrer\">Detayl\u0131 Bilgi<\/a> <\/div> <\/div> <\/div> <\/div> <div  class=\"portfolio-full-projectco cp4cols cp4cols-tablet\"> <div  class=\"contentswap-effect ContentSwap103\" hover-fx=\"ContentSwap103\" id=\"ContentSwap103\" is-hovered=\"1\"> <div  class=\"ContentSwap103_content initial-image\"><img  decoding=\"async\" class=\"portfolio-full-projectimg\" data-size=\"1200x800\" src=\"http:\/\/www.ozermakay.com\/wp-content\/uploads\/2020\/10\/cropped-Izsiz-Tirod-ve-Paratiroid-Cerrahisi-JPEG.jpg\"> <\/div> <div  class=\"overlay\" style=\"display: block; opacity: 1;\"><\/div> <div  class=\"swap-inner\" style=\"opacity: 1; display: block;\"> <div  class=\"ContentSwap103-center\"> <h4  class=\"protfolio-full-itemtitle\">\u0130zsiz Tiroid ve Paratiroid Cerrahisi<\/h4><a class=\"button yellow\" href=\"http:\/\/www.ozermakay.com\/turkish-izsiz-tiroid-ameliyati\" target=\"_self\" rel=\"noopener noreferrer\">Detayl\u0131 Bilgi<\/a> <\/div> <\/div> <\/div> <\/div> <div  class=\"portfolio-full-projectco cp4cols cp4cols-tablet\"> <div  class=\"contentswap-effect ContentSwap103\" hover-fx=\"ContentSwap103\" id=\"ContentSwap103\" is-hovered=\"1\"> <div  class=\"ContentSwap103_content initial-image\"><img  decoding=\"async\" class=\"portfolio-full-projectimg\" data-size=\"1200x800\" src=\"http:\/\/www.ozermakay.com\/wp-content\/uploads\/2020\/10\/cropped-ozer-makay-ozel-saglik-2020.jpeg\"> <\/div> <div  class=\"overlay\" style=\"display: block; opacity: 1;\"><\/div> <div  class=\"swap-inner\" style=\"opacity: 1; display: block;\"> <div  class=\"ContentSwap103-center\"> <h4  class=\"protfolio-full-itemtitle\">Tiroid ve Endokrin Cerrahi Merkezi<\/h4><a class=\"button yellow\" href=\"https:\/\/www.ozelsaglikhastanesi.com\/doktorlarimiz\" target=\"_self\" rel=\"noopener noreferrer\">Detayl\u0131 Bilgi<\/a> <\/div> <\/div> <\/div> <\/div><\/div><\/div><div  data-label=\"Features\" data-id=\"features-small-image-cards-section\" data-category=\"features\" class=\"features-small-image-cards-section\" style=\"background-color: rgb(246, 246, 246);\" id=\"features-6\"> <div  class=\"gridContainer\"> <div  class=\"features-small-image-cards-textrow\"> <div  class=\"features-small-image-cards-textcol dynamic-color\" data-type=\"column\"> <h2  class=\"\">Hastal\u0131klar (Diseases)<\/h2>  <p  class=\"\">Cerrahi m\u00fcdahalede bulundu\u011fumuz hastal\u0131klarla ilgili detayl\u0131 bilgileri a\u015fa\u011f\u0131daki b\u00f6l\u00fcmde bulabilirsiniz.\n<br >You can find a lot of information about some diseases which are related to endocrine surgery.<\/p><\/div> <\/div> <div  class=\"features-small-image-cards-featrow dark-text\" data-type=\"row\"> <div  class=\"features-small-image-cards-featcol\"> <div  class=\"features-small-image-cards-featinnerrow flexbox-list\"> <div  class=\"features-small-image-cards-imgcol\" data-bg=\"image\" style=\"background-image: url(&quot;http:\/\/www.ozermakay.com\/wp-content\/uploads\/2020\/10\/Tiroid-Gorseli_01a.jpg&quot;);\"><\/div> <div  class=\"features-small-image-cards-featcol-feattextcol\" data-type=\"column\"> <h4  class=\"heading103\">Eyvah! Tiroid hastas\u0131 oldum! (Oops! I have a thyroid disease!)<\/h4> <p  class=\"\">Tiroid Bezi: Tiroid bezi, boynun orta hatt\u0131nda, \u2018adem elmas\u0131\u2019 diye adland\u0131r\u0131lan k\u0131k\u0131rdak\u2026<\/p> <hr  class=\"features-small-image-cards-separator\"><a href=\"http:\/\/www.ozermakay.com\/eyvah-tiroid-hastasi-oldum\" class=\"\" target=\"_self\" rel=\"noopener noreferrer\">Detayl\u0131 Bilgi<\/a> <\/div> <\/div> <\/div> <div  class=\"features-small-image-cards-featcol\"> <div  class=\"features-small-image-cards-featinnerrow flexbox-list\"> <div  class=\"features-small-image-cards-imgcol\" data-bg=\"image\" style=\"background-image: url(&quot;http:\/\/www.ozermakay.com\/wp-content\/uploads\/2016\/04\/Ultrason-570x350.jpg&quot;);\"><\/div> <div  class=\"features-small-image-cards-featcol-feattextcol\" data-type=\"column\"> <h4  class=\"heading103\">Eyvah! Paratiroid hastas\u0131 oldum! (Oops! I have a parathyroid disease!<\/h4> <p  class=\"\">Paratiroid bezleri, boyunda, soluk borusunun \u00f6n\u00fcnde, tiroid bezinin arkas\u0131nda yer alan\u2026<\/p> <hr  class=\"features-small-image-cards-separator\"><a href=\"http:\/\/www.ozermakay.com\/eyvah-paratiroid-hastasi-oldum\" class=\"\" target=\"_self\" rel=\"noopener noreferrer\">Detayl\u0131 Bilgi<\/a> <\/div> <\/div> <\/div> <div  class=\"features-small-image-cards-featcol\"> <div  class=\"features-small-image-cards-featinnerrow flexbox-list\"> <div  class=\"features-small-image-cards-imgcol\" data-bg=\"image\" style=\"background-image: url(&quot;http:\/\/www.ozermakay.com\/wp-content\/uploads\/2020\/10\/Bobrekustu-Bezi_01b.jpg&quot;);\"><\/div> <div  class=\"features-small-image-cards-featcol-feattextcol\" data-type=\"column\"> <h4  class=\"heading103\">Eyvah! B\u00f6brek\u00fcst\u00fc bezimde kitle var! (Oops! I have a mass in my adrenal gland!)<\/h4> <p  class=\"\">B\u00f6brek\u00fcst\u00fc bezleri, kar\u0131n i\u00e7inde b\u00f6breklerin \u00fczerinde yer alan ve bir tak\u0131m hormonal salg\u0131lar\u2026<\/p> <hr  class=\"features-small-image-cards-separator\"><a href=\"http:\/\/www.ozermakay.com\/eyvah-bobrekustu-bezimde-kitle-var\" class=\"\" target=\"_self\" rel=\"noopener noreferrer\">Detayl\u0131 Bilgi<\/a> <\/div> <\/div> <\/div> <div  class=\"features-small-image-cards-featcol\"> <div  class=\"features-small-image-cards-featinnerrow flexbox-list\"> <div  class=\"features-small-image-cards-imgcol\" data-bg=\"image\" style=\"background-image: url(&quot;http:\/\/www.ozermakay.com\/wp-content\/uploads\/2020\/10\/Monitorizasyon_01.jpg&quot;);\"><\/div> <div  class=\"features-small-image-cards-featcol-feattextcol\" data-type=\"column\"> <h4  class=\"heading103\">Tiroid ve Paratiroid Cerrahisinde Sinir Monit\u00f6rizasyonu (Neuromonitoring in thyroid and parathyroid surgery)<\/h4> <p  class=\"\">Tiroid ve paratiroid hastal\u0131klar\u0131n\u0131n cerrahi tedavi\u2026<\/p> <hr  class=\"features-small-image-cards-separator\"><a href=\"http:\/\/www.ozermakay.com\/tiroid-ve-paratiroid-cerrahisinde-sinir-monitorizasyonu\" class=\"\" target=\"_self\" rel=\"noopener noreferrer\">Detayl\u0131 Bilgi<\/a> <\/div> <\/div> <\/div> <\/div> <\/div><\/div><div  id=\"latest-posts\" style=\"background-color: #ffffff;\" data-label=\"Latest posts\" data-id=\"blog-section\" data-category=\"latest_news\" class=\"blog-section\"> <div  class=\"gridContainer\"> <div  class=\"blog-textrow\"> <div  class=\"blog-textcol dynamic-color\" data-type=\"column\"> <h2  class=\"\">Haberler (News)<\/h2>  <\/div> <\/div> <div  class=\"blog-postsrow dark-text\" data-type=\"row\" data-dynamic-columns=\"one_page_express_latest_news_columns\" data-content-shortcode=\"one_page_express_latest_news\">\t\t\t<div id=\"post-734\" class=\"blog-postcol cp4cols\">\n\t\t\t<div class=\"post-content\">\n\t\t\t\t\t\t\t\t\t<a class=\"post-list-item-thumb\" href=\"http:\/\/www.ozermakay.com\/en\/2020\/10\/09\/tiroid-kanseri-cerrahisi\/\">\n\t\t\t\t\t\t<img loading=\"lazy\" decoding=\"async\" width=\"1024\" height=\"534\" src=\"http:\/\/www.ozermakay.com\/wp-content\/uploads\/2020\/10\/Ozer-Makay-Youtube-Capture-1024x534.jpg\" class=\"attachment-post-thumbnail size-post-thumbnail wp-post-image\" alt=\"\" srcset=\"http:\/\/www.ozermakay.com\/wp-content\/uploads\/2020\/10\/Ozer-Makay-Youtube-Capture-1024x534.jpg 1024w, http:\/\/www.ozermakay.com\/wp-content\/uploads\/2020\/10\/Ozer-Makay-Youtube-Capture-300x156.jpg 300w, http:\/\/www.ozermakay.com\/wp-content\/uploads\/2020\/10\/Ozer-Makay-Youtube-Capture-644x336.jpg 644w, http:\/\/www.ozermakay.com\/wp-content\/uploads\/2020\/10\/Ozer-Makay-Youtube-Capture-768x400.jpg 768w, http:\/\/www.ozermakay.com\/wp-content\/uploads\/2020\/10\/Ozer-Makay-Youtube-Capture.jpg 1143w\" sizes=\"auto, (max-width: 1024px) 100vw, 1024px\" \/>\t\t\t\t\t<\/a>\n\t\t\t\t\t\t\t\t<div class=\"row_345\">\n\t\t\t\t\t<h3 class=\"blog-title\">\n\t\t\t\t\t\t<a href=\"http:\/\/www.ozermakay.com\/en\/2020\/10\/09\/tiroid-kanseri-cerrahisi\/\" rel=\"bookmark\">\n\t\t\t\t\t\t\tTiroid Kanseri Cerrahisi\t\t\t\t\t\t<\/a>\n\t\t\t\t\t<\/h3>\n\t\t\t\t\t<p>&#8220;Tiroid Kanseri Fark\u0131ndal\u0131k Ay\u0131&#8221; etkinlikleri kapsam\u0131nda Ege \u00dcniversitesi Medya Uygulama ve Ara\u015ft\u0131rma Merkezi taraf\u0131ndan haz\u0131rlanan ve tiroid kanseri cerrahisi hakk\u0131nda k\u0131saca bilgi verdi\u011fim videomuz yay\u0131nlanm\u0131\u015ft\u0131r.<\/p>\n\t\t\t\t\t<a class=\"button blue small\" href=\"http:\/\/www.ozermakay.com\/en\/2020\/10\/09\/tiroid-kanseri-cerrahisi\/\">\n\t\t\t\t\t\t<span data-theme=\"one_page_express_latest_news_read_more\">Read more<\/span>\n\t\t\t\t\t<\/a>\n\t\t\t\t\t<hr class=\"blog-separator\">\n<div class=\"post-header\">\n    <i class=\"font-icon-post fa fa-user\"><\/i>\n    <a href=\"http:\/\/www.ozermakay.com\/en\/author\/yigit\/\" title=\"Posts by Administrator\" rel=\"author\">Administrator<\/a>    <i class=\"font-icon-post fa fa-calendar\"><\/i>\n    <span class=\"span12\">09\/10\/2020<\/span>\n\n    <i class=\"font-icon-post fa fa-comment-o\"><\/i>\n    <span>0<\/span>\n<\/div>\t\t\t\t<\/div>\n\t\t\t<\/div>\n\t\t<\/div>\n\t\t\t\t<div id=\"post-571\" class=\"blog-postcol cp4cols\">\n\t\t\t<div class=\"post-content\">\n\t\t\t\t\t\t\t\t\t<a class=\"post-list-item-thumb\" href=\"http:\/\/www.ozermakay.com\/en\/2020\/08\/21\/eyvah-tiroid-kanseri-oldum\/\">\n\t\t\t\t\t\t<img loading=\"lazy\" decoding=\"async\" width=\"1024\" height=\"768\" src=\"http:\/\/www.ozermakay.com\/wp-content\/uploads\/2020\/08\/Tiroid-Kanseri-Oldum-1024x768-1.jpg\" class=\"attachment-post-thumbnail size-post-thumbnail wp-post-image\" alt=\"\" srcset=\"http:\/\/www.ozermakay.com\/wp-content\/uploads\/2020\/08\/Tiroid-Kanseri-Oldum-1024x768-1.jpg 1024w, http:\/\/www.ozermakay.com\/wp-content\/uploads\/2020\/08\/Tiroid-Kanseri-Oldum-1024x768-1-300x225.jpg 300w, http:\/\/www.ozermakay.com\/wp-content\/uploads\/2020\/08\/Tiroid-Kanseri-Oldum-1024x768-1-644x483.jpg 644w, http:\/\/www.ozermakay.com\/wp-content\/uploads\/2020\/08\/Tiroid-Kanseri-Oldum-1024x768-1-768x576.jpg 768w\" sizes=\"auto, (max-width: 1024px) 100vw, 1024px\" \/>\t\t\t\t\t<\/a>\n\t\t\t\t\t\t\t\t<div class=\"row_345\">\n\t\t\t\t\t<h3 class=\"blog-title\">\n\t\t\t\t\t\t<a href=\"http:\/\/www.ozermakay.com\/en\/2020\/08\/21\/eyvah-tiroid-kanseri-oldum\/\" rel=\"bookmark\">\n\t\t\t\t\t\t\tEyvah! Tiroid Kanseri Oldum\t\t\t\t\t\t<\/a>\n\t\t\t\t\t<\/h3>\n\t\t\t\t\t<p>Kitab\u0131n PDF versiyonunu indirmek i\u00e7in t\u0131klay\u0131n\u0131z. Bilgi, hayattaki en de\u011ferli hazine. Bu hazinenin \u0131\u015f\u0131ldamas\u0131n\u0131 sa\u011flayan ise do\u011fru bilginin aktar\u0131labilmesidir. Bunun en g\u00fczel aktar\u0131labilme yolunun ba\u015f\u0131nda da bilim gelir. Biz de[&hellip;]<\/p>\n\t\t\t\t\t<a class=\"button blue small\" href=\"http:\/\/www.ozermakay.com\/en\/2020\/08\/21\/eyvah-tiroid-kanseri-oldum\/\">\n\t\t\t\t\t\t<span data-theme=\"one_page_express_latest_news_read_more\">Read more<\/span>\n\t\t\t\t\t<\/a>\n\t\t\t\t\t<hr class=\"blog-separator\">\n<div class=\"post-header\">\n    <i class=\"font-icon-post fa fa-user\"><\/i>\n    <a href=\"http:\/\/www.ozermakay.com\/en\/author\/yigit\/\" title=\"Posts by Administrator\" rel=\"author\">Administrator<\/a>    <i class=\"font-icon-post fa fa-calendar\"><\/i>\n    <span class=\"span12\">21\/08\/2020<\/span>\n\n    <i class=\"font-icon-post fa fa-comment-o\"><\/i>\n    <span>0<\/span>\n<\/div>\t\t\t\t<\/div>\n\t\t\t<\/div>\n\t\t<\/div>\n\t\t\t\t<div id=\"post-559\" class=\"blog-postcol cp4cols\">\n\t\t\t<div class=\"post-content\">\n\t\t\t\t\t\t\t\t\t<a class=\"post-list-item-thumb\" href=\"http:\/\/www.ozermakay.com\/en\/2019\/12\/16\/prof-dr-makay-olusturdugumuz-egitim-platformu-ile-turkiyede-tekiz\/\">\n\t\t\t\t\t\t<img loading=\"lazy\" decoding=\"async\" width=\"768\" height=\"798\" src=\"http:\/\/www.ozermakay.com\/wp-content\/uploads\/2019\/12\/omegitimprogrami.jpg\" class=\"attachment-post-thumbnail size-post-thumbnail wp-post-image\" alt=\"Prof Dr. Ozer Makay\" srcset=\"http:\/\/www.ozermakay.com\/wp-content\/uploads\/2019\/12\/omegitimprogrami.jpg 768w, http:\/\/www.ozermakay.com\/wp-content\/uploads\/2019\/12\/omegitimprogrami-289x300.jpg 289w, http:\/\/www.ozermakay.com\/wp-content\/uploads\/2019\/12\/omegitimprogrami-644x669.jpg 644w\" sizes=\"auto, (max-width: 768px) 100vw, 768px\" \/>\t\t\t\t\t<\/a>\n\t\t\t\t\t\t\t\t<div class=\"row_345\">\n\t\t\t\t\t<h3 class=\"blog-title\">\n\t\t\t\t\t\t<a href=\"http:\/\/www.ozermakay.com\/en\/2019\/12\/16\/prof-dr-makay-olusturdugumuz-egitim-platformu-ile-turkiyede-tekiz\/\" rel=\"bookmark\">\n\t\t\t\t\t\t\tProf. Dr. Makay, \u201cOlu\u015fturdu\u011fumuz e\u011fitim platformu ile T\u00fcrkiye\u2019de tekiz\u201d\t\t\t\t\t\t<\/a>\n\t\t\t\t\t<\/h3>\n\t\t\t\t\t<p>Ege \u00dcniversitesi T\u0131p Fak\u00fcltesi Genel Cerrahi Anabilim Dal\u0131 taraf\u0131ndan \u201cTemel \u2018DRY-LAB\u2019 Robotik Cerrahi Kursu\u201d d\u00fczenlendi. T\u0131p Fak\u00fcltesi Hastanesi Robotik Cerrahi Salonunda ger\u00e7ekle\u015fen e\u011fitimi Genel Cerrahi Anabilim Dal\u0131 \u00f6\u011fretim \u00fcyeleri Prof.[&hellip;]<\/p>\n\t\t\t\t\t<a class=\"button blue small\" href=\"http:\/\/www.ozermakay.com\/en\/2019\/12\/16\/prof-dr-makay-olusturdugumuz-egitim-platformu-ile-turkiyede-tekiz\/\">\n\t\t\t\t\t\t<span data-theme=\"one_page_express_latest_news_read_more\">Read more<\/span>\n\t\t\t\t\t<\/a>\n\t\t\t\t\t<hr class=\"blog-separator\">\n<div class=\"post-header\">\n    <i class=\"font-icon-post fa fa-user\"><\/i>\n    <a href=\"http:\/\/www.ozermakay.com\/en\/author\/yigit\/\" title=\"Posts by Administrator\" rel=\"author\">Administrator<\/a>    <i class=\"font-icon-post fa fa-calendar\"><\/i>\n    <span class=\"span12\">16\/12\/2019<\/span>\n\n    <i class=\"font-icon-post fa fa-comment-o\"><\/i>\n    <span>0<\/span>\n<\/div>\t\t\t\t<\/div>\n\t\t\t<\/div>\n\t\t<\/div>\n\t\t<\/div> <div  class=\"blog-textcol\"> <a  class=\"button blue\" data-attr-shortcode=\"href:one_page_express_blog_link\" href=\"http:\/\/www.ozermakay.com\/en\/blog\/\">SEE ALL BLOG POSTS<\/a> <\/div> <\/div><\/div>","protected":false},"excerpt":{"rendered":"<p>Robotik Cerrahi Ameliyat\u0131n\u0131z\u0131 Kolayla\u015ft\u0131r\u0131rDetayl\u0131 Bilgi \u0130zsiz Tiroid ve Paratiroid CerrahisiDetayl\u0131 Bilgi Tiroid ve Endokrin Cerrahi MerkeziDetayl\u0131 Bilgi Hastal\u0131klar (Diseases) Cerrahi m\u00fcdahalede bulundu\u011fumuz hastal\u0131klarla ilgili detayl\u0131 bilgileri a\u015fa\u011f\u0131daki b\u00f6l\u00fcmde bulabilirsiniz. You can find a lot of information about some diseases which are related to endocrine surgery. Eyvah! Tiroid hastas\u0131 oldum! (Oops! I have a thyroid disease!)&hellip; <br \/> <a class=\"button small blue\" href=\"http:\/\/www.ozermakay.com\/en\/2019\/12\/16\/prof-dr-makay-olusturdugumuz-egitim-platformu-ile-turkiyede-tekiz\/\">Read more<\/a><\/p>\n","protected":false},"author":1,"featured_media":0,"parent":0,"menu_order":0,"comment_status":"closed","ping_status":"closed","template":"","meta":{"_exactmetrics_skip_tracking":false,"_exactmetrics_sitenote_active":false,"_exactmetrics_sitenote_note":"","_exactmetrics_sitenote_category":0,"footnotes":""},"class_list":["post-757","page","type-page","status-publish","hentry"],"_links":{"self":[{"href":"http:\/\/www.ozermakay.com\/en\/wp-json\/wp\/v2\/pages\/757","targetHints":{"allow":["GET"]}}],"collection":[{"href":"http:\/\/www.ozermakay.com\/en\/wp-json\/wp\/v2\/pages"}],"about":[{"href":"http:\/\/www.ozermakay.com\/en\/wp-json\/wp\/v2\/types\/page"}],"author":[{"embeddable":true,"href":"http:\/\/www.ozermakay.com\/en\/wp-json\/wp\/v2\/users\/1"}],"replies":[{"embeddable":true,"href":"http:\/\/www.ozermakay.com\/en\/wp-json\/wp\/v2\/comments?post=757"}],"version-history":[{"count":1,"href":"http:\/\/www.ozermakay.com\/en\/wp-json\/wp\/v2\/pages\/757\/revisions"}],"predecessor-version":[{"id":961,"href":"http:\/\/www.ozermakay.com\/en\/wp-json\/wp\/v2\/pages\/757\/revisions\/961"}],"wp:attachment":[{"href":"http:\/\/www.ozermakay.com\/en\/wp-json\/wp\/v2\/media?parent=757"}],"curies":[{"name":"wp","href":"https:\/\/api.w.org\/{rel}","templated":true}]}}